{"id":16183,"date":"2021-02-08T14:58:43","date_gmt":"2021-02-08T20:58:43","guid":{"rendered":"http:\/\/nonsolo.mx\/ns\/?post_type=product&#038;p=16183"},"modified":"2021-02-08T20:11:45","modified_gmt":"2021-02-09T02:11:45","slug":"temprano-es-mejor","status":"publish","type":"product","link":"https:\/\/nonsolo.mx\/ns\/producto\/temprano-es-mejor\/","title":{"rendered":"Temprano es mejor"},"content":{"rendered":"","protected":false},"excerpt":{"rendered":"<pre><strong>\u2013 V\u00e1lido de las 12:00 pm a las 2:00 pm todos los d\u00edas.<\/strong>\r\n<strong>\u2013 Todas las \u00f3rdenes ingresadas dentro de este horario aplican la promoci\u00f3n.<\/strong>\r\n<strong>\u2013 La preparaci\u00f3n empieza al momento de la toma de la orden seg\u00fan los tiempos de preparaci\u00f3n de nuestros est\u00e1ndares.<\/strong>\r\n<strong>\u2013 No se puede solicitar detener la preparaci\u00f3n,servir m\u00e1s adelante o apartar cualquier orden.<\/strong>\r\n<strong>\u2013 No v\u00e1lido con otras promociones.<\/strong>\r\n<strong>\u2013 No aplica en servicio a domicilio ni en pedidos para llevar.- Promoci\u00f3n v\u00e1lidasolo con consumo de alimentos.<\/strong>\r\n<strong>\u2013 Prohibida la venta de bebidas alcoh\u00f3licas a menores de 18 a\u00f1os.<\/strong>\r\n<strong>\u2013 S\u00f3lo para consumo en los restaurantes.<\/strong>\r\n<strong>\u2013 V\u00e1lido enlas sucursales NONSOLO Luis Cabrera y NONSOLO Polanco.<\/strong>\r\n<strong>\u2013 Incluye IVA.<\/strong>\r\n<strong>\u2013 Hasta agotar existencias.<\/strong>\r\n<strong>\u2013 Vigencia hasta el 28 de Febrero de 2021.<\/strong><\/pre>\n","protected":false},"featured_media":0,"comment_status":"open","ping_status":"closed","template":"","meta":[],"product_brand":[],"product_cat":[29],"product_tag":[],"class_list":{"0":"post-16183","1":"product","2":"type-product","3":"status-publish","5":"product_cat-sin-categorizar","7":"first","8":"outofstock","9":"shipping-taxable","10":"product-type-simple"},"yoast_head":"<!-- This site is optimized with the Yoast SEO plugin v26.0 - https:\/\/yoast.com\/wordpress\/plugins\/seo\/ -->\n<title>Temprano es mejor - NONSOLO<\/title>\n<meta name=\"robots\" content=\"index, follow, max-snippet:-1, max-image-preview:large, max-video-preview:-1\" \/>\n<link rel=\"canonical\" href=\"https:\/\/nonsolo.mx\/ns\/producto\/temprano-es-mejor\/\" \/>\n<meta property=\"og:locale\" content=\"es_MX\" \/>\n<meta property=\"og:type\" content=\"article\" \/>\n<meta property=\"og:title\" content=\"Temprano es mejor - NONSOLO\" \/>\n<meta property=\"og:description\" content=\"\u2013 V\u00e1lido de las 12:00 pm a las 2:00 pm todos los d\u00edas. \u2013 Todas las \u00f3rdenes ingresadas dentro de este horario aplican la promoci\u00f3n. \u2013 La preparaci\u00f3n empieza al momento de la toma de la orden seg\u00fan los tiempos de preparaci\u00f3n de nuestros est\u00e1ndares. \u2013 No se puede solicitar detener la preparaci\u00f3n,servir m\u00e1s adelante o apartar cualquier orden. \u2013 No v\u00e1lido con otras promociones. \u2013 No aplica en servicio a domicilio ni en pedidos para llevar.- Promoci\u00f3n v\u00e1lidasolo con consumo de alimentos. \u2013 Prohibida la venta de bebidas alcoh\u00f3licas a menores de 18 a\u00f1os. \u2013 S\u00f3lo para consumo en los restaurantes. \u2013 V\u00e1lido enlas sucursales NONSOLO Luis Cabrera y NONSOLO Polanco. \u2013 Incluye IVA. \u2013 Hasta agotar existencias. \u2013 Vigencia hasta el 28 de Febrero de 2021.\" \/>\n<meta property=\"og:url\" content=\"https:\/\/nonsolo.mx\/ns\/producto\/temprano-es-mejor\/\" \/>\n<meta property=\"og:site_name\" content=\"NONSOLO\" \/>\n<meta property=\"article:modified_time\" content=\"2021-02-09T02:11:45+00:00\" \/>\n<meta name=\"twitter:card\" content=\"summary_large_image\" \/>\n<script type=\"application\/ld+json\" class=\"yoast-schema-graph\">{\"@context\":\"https:\/\/schema.org\",\"@graph\":[{\"@type\":\"WebPage\",\"@id\":\"https:\/\/nonsolo.mx\/ns\/producto\/temprano-es-mejor\/\",\"url\":\"https:\/\/nonsolo.mx\/ns\/producto\/temprano-es-mejor\/\",\"name\":\"Temprano es mejor - NONSOLO\",\"isPartOf\":{\"@id\":\"https:\/\/nonsolo.mx\/ns\/#website\"},\"datePublished\":\"2021-02-08T20:58:43+00:00\",\"dateModified\":\"2021-02-09T02:11:45+00:00\",\"breadcrumb\":{\"@id\":\"https:\/\/nonsolo.mx\/ns\/producto\/temprano-es-mejor\/#breadcrumb\"},\"inLanguage\":\"es\",\"potentialAction\":[{\"@type\":\"ReadAction\",\"target\":[\"https:\/\/nonsolo.mx\/ns\/producto\/temprano-es-mejor\/\"]}]},{\"@type\":\"BreadcrumbList\",\"@id\":\"https:\/\/nonsolo.mx\/ns\/producto\/temprano-es-mejor\/#breadcrumb\",\"itemListElement\":[{\"@type\":\"ListItem\",\"position\":1,\"name\":\"Inicio\",\"item\":\"https:\/\/nonsolo.mx\/ns\/\"},{\"@type\":\"ListItem\",\"position\":2,\"name\":\"MEN\u00da\",\"item\":\"https:\/\/nonsolo.mx\/ns\/menu-3\/\"},{\"@type\":\"ListItem\",\"position\":3,\"name\":\"Temprano es mejor\"}]},{\"@type\":\"WebSite\",\"@id\":\"https:\/\/nonsolo.mx\/ns\/#website\",\"url\":\"https:\/\/nonsolo.mx\/ns\/\",\"name\":\"NONSOLO\",\"description\":\"&quot;Aut\u00e9nticos sabores de Italia y mediterr\u00e1neos&quot;\",\"publisher\":{\"@id\":\"https:\/\/nonsolo.mx\/ns\/#organization\"},\"potentialAction\":[{\"@type\":\"SearchAction\",\"target\":{\"@type\":\"EntryPoint\",\"urlTemplate\":\"https:\/\/nonsolo.mx\/ns\/?s={search_term_string}\"},\"query-input\":{\"@type\":\"PropertyValueSpecification\",\"valueRequired\":true,\"valueName\":\"search_term_string\"}}],\"inLanguage\":\"es\"},{\"@type\":\"Organization\",\"@id\":\"https:\/\/nonsolo.mx\/ns\/#organization\",\"name\":\"NONSOLO\",\"url\":\"https:\/\/nonsolo.mx\/ns\/\",\"logo\":{\"@type\":\"ImageObject\",\"inLanguage\":\"es\",\"@id\":\"https:\/\/nonsolo.mx\/ns\/#\/schema\/logo\/image\/\",\"url\":\"https:\/\/nonsolo.mx\/ns\/wp-content\/uploads\/2017\/09\/logotipo-de-nonsolo_amarillo_3.png\",\"contentUrl\":\"https:\/\/nonsolo.mx\/ns\/wp-content\/uploads\/2017\/09\/logotipo-de-nonsolo_amarillo_3.png\",\"width\":174,\"height\":29,\"caption\":\"NONSOLO\"},\"image\":{\"@id\":\"https:\/\/nonsolo.mx\/ns\/#\/schema\/logo\/image\/\"}}]}<\/script>\n<!-- \/ Yoast SEO plugin. -->","yoast_head_json":{"title":"Temprano es mejor - NONSOLO","robots":{"index":"index","follow":"follow","max-snippet":"max-snippet:-1","max-image-preview":"max-image-preview:large","max-video-preview":"max-video-preview:-1"},"canonical":"https:\/\/nonsolo.mx\/ns\/producto\/temprano-es-mejor\/","og_locale":"es_MX","og_type":"article","og_title":"Temprano es mejor - NONSOLO","og_description":"\u2013 V\u00e1lido de las 12:00 pm a las 2:00 pm todos los d\u00edas. \u2013 Todas las \u00f3rdenes ingresadas dentro de este horario aplican la promoci\u00f3n. \u2013 La preparaci\u00f3n empieza al momento de la toma de la orden seg\u00fan los tiempos de preparaci\u00f3n de nuestros est\u00e1ndares. \u2013 No se puede solicitar detener la preparaci\u00f3n,servir m\u00e1s adelante o apartar cualquier orden. \u2013 No v\u00e1lido con otras promociones. \u2013 No aplica en servicio a domicilio ni en pedidos para llevar.- Promoci\u00f3n v\u00e1lidasolo con consumo de alimentos. \u2013 Prohibida la venta de bebidas alcoh\u00f3licas a menores de 18 a\u00f1os. \u2013 S\u00f3lo para consumo en los restaurantes. \u2013 V\u00e1lido enlas sucursales NONSOLO Luis Cabrera y NONSOLO Polanco. \u2013 Incluye IVA. \u2013 Hasta agotar existencias. \u2013 Vigencia hasta el 28 de Febrero de 2021.","og_url":"https:\/\/nonsolo.mx\/ns\/producto\/temprano-es-mejor\/","og_site_name":"NONSOLO","article_modified_time":"2021-02-09T02:11:45+00:00","twitter_card":"summary_large_image","schema":{"@context":"https:\/\/schema.org","@graph":[{"@type":"WebPage","@id":"https:\/\/nonsolo.mx\/ns\/producto\/temprano-es-mejor\/","url":"https:\/\/nonsolo.mx\/ns\/producto\/temprano-es-mejor\/","name":"Temprano es mejor - NONSOLO","isPartOf":{"@id":"https:\/\/nonsolo.mx\/ns\/#website"},"datePublished":"2021-02-08T20:58:43+00:00","dateModified":"2021-02-09T02:11:45+00:00","breadcrumb":{"@id":"https:\/\/nonsolo.mx\/ns\/producto\/temprano-es-mejor\/#breadcrumb"},"inLanguage":"es","potentialAction":[{"@type":"ReadAction","target":["https:\/\/nonsolo.mx\/ns\/producto\/temprano-es-mejor\/"]}]},{"@type":"BreadcrumbList","@id":"https:\/\/nonsolo.mx\/ns\/producto\/temprano-es-mejor\/#breadcrumb","itemListElement":[{"@type":"ListItem","position":1,"name":"Inicio","item":"https:\/\/nonsolo.mx\/ns\/"},{"@type":"ListItem","position":2,"name":"MEN\u00da","item":"https:\/\/nonsolo.mx\/ns\/menu-3\/"},{"@type":"ListItem","position":3,"name":"Temprano es mejor"}]},{"@type":"WebSite","@id":"https:\/\/nonsolo.mx\/ns\/#website","url":"https:\/\/nonsolo.mx\/ns\/","name":"NONSOLO","description":"&quot;Aut\u00e9nticos sabores de Italia y mediterr\u00e1neos&quot;","publisher":{"@id":"https:\/\/nonsolo.mx\/ns\/#organization"},"potentialAction":[{"@type":"SearchAction","target":{"@type":"EntryPoint","urlTemplate":"https:\/\/nonsolo.mx\/ns\/?s={search_term_string}"},"query-input":{"@type":"PropertyValueSpecification","valueRequired":true,"valueName":"search_term_string"}}],"inLanguage":"es"},{"@type":"Organization","@id":"https:\/\/nonsolo.mx\/ns\/#organization","name":"NONSOLO","url":"https:\/\/nonsolo.mx\/ns\/","logo":{"@type":"ImageObject","inLanguage":"es","@id":"https:\/\/nonsolo.mx\/ns\/#\/schema\/logo\/image\/","url":"https:\/\/nonsolo.mx\/ns\/wp-content\/uploads\/2017\/09\/logotipo-de-nonsolo_amarillo_3.png","contentUrl":"https:\/\/nonsolo.mx\/ns\/wp-content\/uploads\/2017\/09\/logotipo-de-nonsolo_amarillo_3.png","width":174,"height":29,"caption":"NONSOLO"},"image":{"@id":"https:\/\/nonsolo.mx\/ns\/#\/schema\/logo\/image\/"}}]}},"_links":{"self":[{"href":"https:\/\/nonsolo.mx\/ns\/wp-json\/wp\/v2\/product\/16183","targetHints":{"allow":["GET"]}}],"collection":[{"href":"https:\/\/nonsolo.mx\/ns\/wp-json\/wp\/v2\/product"}],"about":[{"href":"https:\/\/nonsolo.mx\/ns\/wp-json\/wp\/v2\/types\/product"}],"replies":[{"embeddable":true,"href":"https:\/\/nonsolo.mx\/ns\/wp-json\/wp\/v2\/comments?post=16183"}],"wp:attachment":[{"href":"https:\/\/nonsolo.mx\/ns\/wp-json\/wp\/v2\/media?parent=16183"}],"wp:term":[{"taxonomy":"product_brand","embeddable":true,"href":"https:\/\/nonsolo.mx\/ns\/wp-json\/wp\/v2\/product_brand?post=16183"},{"taxonomy":"product_cat","embeddable":true,"href":"https:\/\/nonsolo.mx\/ns\/wp-json\/wp\/v2\/product_cat?post=16183"},{"taxonomy":"product_tag","embeddable":true,"href":"https:\/\/nonsolo.mx\/ns\/wp-json\/wp\/v2\/product_tag?post=16183"}],"curies":[{"name":"wp","href":"https:\/\/api.w.org\/{rel}","templated":true}]}}