{"id":13,"date":"2017-08-17T11:13:32","date_gmt":"2017-08-17T17:13:32","guid":{"rendered":"http:\/\/nonsolo.mx\/ns\/?page_id=13"},"modified":"2024-12-20T17:37:09","modified_gmt":"2024-12-20T23:37:09","slug":"aviso-de-privacidad","status":"publish","type":"page","link":"https:\/\/nonsolo.mx\/ns\/aviso-de-privacidad\/","title":{"rendered":"AVISO DE PRIVACIDAD"},"content":{"rendered":"<p>[vc_row][vc_column][vc_column_text]<\/p>\n<p>Preservar tu privacidad y la seguridad de tu informaci\u00f3n personal es importante para nosotros. Por favor, antes de proporcionarnos tus Datos Personales (los \u201cDatos\u201d) t\u00f3mate un momento para leer el siguiente Aviso de Privacidad (el \u201cAviso\u201d) en el cual te informamos, de conformidad con lo dispuesto por por los Art\u00edculos 15 y 16 de la Ley Federal de Protecci\u00f3n de datos Personales en Posesi\u00f3n de Particulares, por el Reglamento de la Ley Federal de Protecci\u00f3n de datos Personales en Posesi\u00f3n de Particulares, por la Ley de Protecci\u00f3n de Datos para el Distrito Federal y por la Ley de Protecci\u00f3n de Datos Personales en Posesi\u00f3n de Sujetos Obligados en la Ciudad de M\u00e9xico, sobre c\u00f3mo y con qu\u00e9 fines tratamos tu informaci\u00f3n personal. Si nos proporcionas Datos, daremos por entendido que est\u00e1s de acuerdo con los t\u00e9rminos de este Aviso, las finalidades del tratamiento de tus Datos, as\u00ed como los medios y procedimiento que ponemos a tu disposici\u00f3n para ejercer tus derechos de acceso, rectificaci\u00f3n, cancelaci\u00f3n y oposici\u00f3n en la secci\u00f3n VI de este Aviso de Privacidad. Los t\u00e9rminos con may\u00fascula incluidos en este Aviso se entienden referidos a las definiciones contenidas en la Ley, el Reglamento o las que se establezcan en el presente Aviso.<\/p>\n<p>Los datos personales y la informaci\u00f3n confidencial que Usted proporcione, ser\u00e1n tratados y resguardados con base a los principios de certeza, legalidad, licitud, calidad, consentimiento, informaci\u00f3n, finalidad, lealtad, proporcionalidad y responsabilidad, previstos en el Art\u00edculo sexto de la Ley Federal de Protecci\u00f3n de datos Personales en Posesi\u00f3n de Particulares.<\/p>\n<p>&nbsp;<\/p>\n<p><strong>I. RESPONSABLE:<\/strong><\/p>\n<p>El Responsable del tratamiento de tus Datos es DEFRA, S.A. de C.V.; NSP, S.A. de C.V.; SPUNTINO, S.A. de C.V.; NON SOLO CENTRO, S.A. de C.V.; PECFRA, S. de R.L. DE C.V. (\u201cNONSOLO\u201d), con domicilio en Chiapas 152, Colonia Roma, Alcald\u00eda Cuauht\u00e9moc, C\u00f3digo Postal 06700, Ciudad de M\u00e9xico.<\/p>\n<p>&nbsp;<\/p>\n<p><strong>II. FINALIDADES:<\/strong><\/p>\n<p>Los Datos obtenidos se tratan para las siguientes finalidades (las \u201cFinalidades\u201d): Brindarte el servicio y los productos que nos solicitas; Identificarte y conocer tus necesidades de productos o servicios; Ofrecerte la informaci\u00f3n sobre nuestros productos que m\u00e1s se adecuen a tus preferencias; Comunicarte descuentos y promociones sobre nuestros productos; Atender tus quejas y solicitudes de aclaraciones; Evaluar la calidad de nuestros servicios; Permitir la operaci\u00f3n, administraci\u00f3n y seguridad de tu informaci\u00f3n, as\u00ed como de nuestro Sitio Web y en general de nuestros sistemas de administraci\u00f3n y comunicaci\u00f3n contigo, y Mantener resguardos f\u00edsicos, electr\u00f3nicos y de procedimiento; Tratar los Datos para fines compatibles con los mencionados en este Aviso de Privacidad y que se consideren an\u00e1logos o afines para efectos legales. En caso de que celebremos contigo un acto relacionado con alg\u00fan producto o servicio ofrecido por nosotros, tus Datos ser\u00e1n utilizados para el cumplimiento de las obligaciones derivadas de esa relaci\u00f3n jur\u00eddica. En caso de que no se concrete ning\u00fan acto contigo los Datos que nos hayas proporcionado ser\u00e1n bloqueados y posteriormente eliminados. La informaci\u00f3n que ha sido bloqueada puede conservarse por el plazo necesario para cumplir con disposiciones legales como son fiscales o de naturaleza mercantil y posteriormente ser\u00e1 suprimida. Ten en cuenta que la informaci\u00f3n que se adhiere mediante etiquetas a los paquetes o impresiones que contienen nuestros productos, una vez entregados es responsabilidad tuya.<\/p>\n<p>&nbsp;<\/p>\n<p><strong>III. DATOS OBTENIDOS:<\/strong><\/p>\n<p>Podemos obtener tus Datos directamente cuando acudes a alguno de nuestros restaurantes, por tel\u00e9fono o por medios electr\u00f3nicos (internet) y solicitas nuestros productos o servicios o presentas quejas y sugerencias respecto de los mismos, o a trav\u00e9s de fuentes que est\u00e1n permitidas por la Ley. Los Datos que obtenemos son datos personales de identificaci\u00f3n, datos personales de contacto y datos personales patrimoniales y\/o financieros, tales como: nombre, domicilio particular, fecha de nacimiento, alergias a alg\u00fan alimento y n\u00famero telef\u00f3nico. En algunos casos tambi\u00e9n se nos proporciona el correo electr\u00f3nico y los Datos relativos al pago de nuestros servicios y productos como son la clave del Registro Federal de Contribuyentes y domicilio fiscal. Estos Datos son esenciales para la prestaci\u00f3n de nuestros servicios y facturaci\u00f3n, en su caso, y ser\u00e1n tratados \u00fanicamente para las finalidades establecidas en el presente Aviso.<\/p>\n<p>&nbsp;<\/p>\n<p><strong>IV. TRANSFERENCIAS DE DATOS:<\/strong><\/p>\n<p>En ocasiones podremos transferir tus datos a proveedores para fines de facturaci\u00f3n, evaluaci\u00f3n de calidad y seguimiento a quejas y sugerencias, estudios de mercado y campa\u00f1as promocionales o bien ofrecerte nuevos productos y promociones. Con fundamento en los art\u00edculos 36 y 37 de la Ley Federal de Protecci\u00f3n de Datos Personales en Posesi\u00f3n de los Particulares, los Datos pueden ser transferidos l\u00edcitamente para las Finalidades establecidas en el presente Aviso de Privacidad a: Nuestras sociedades subsidiarias, filiales, afiliadas y\/o controladoras, dentro de territorio nacional o en el extranjero, Encargados en materia de atenci\u00f3n de clientes y estudios relacionadas con la prestaci\u00f3n de nuestros servicios y productos; y Terceros como agencias de mercadotecnia que participan con nosotros para poder brindarte nuestros productos y servicios, o a alguna Autoridad gubernamental que lo requiera, en t\u00e9rminos de lo establecido conforme a la Ley.<\/p>\n<p>&nbsp;<\/p>\n<p><strong>V. <\/strong><strong>PROTECCI\u00d3N DE DATOS:<\/strong><\/p>\n<p>La protecci\u00f3n de los Datos Personales est\u00e1 garantizada y los mismos est\u00e1n protegidos por medidas de seguridad administrativas, t\u00e9cnicas y f\u00edsicas, para evitar su p\u00e9rdida, alteraci\u00f3n, destrucci\u00f3n, uso, acceso o divulgaci\u00f3n indebidos.<\/p>\n<p>&nbsp;<\/p>\n<p><strong>VI. DERECHOS ARCO:<\/strong><\/p>\n<p>Puedes ejercer los derechos de acceso, rectificaci\u00f3n, cancelaci\u00f3n u oposici\u00f3n y revocar tu consentimiento para el tratamiento de tus Datos (derechos ARCO) presentando una solicitud en el corporativo NON SOLO ubicada en el domicilio Chiapas 152, Colonia Roma, Alcald\u00eda Cuauht\u00e9moc, C.P. 06700, Ciudad de M\u00e9xico, de Lunes a Viernes, en un horario de 10:00 a.m. a 18:30 p.m. o bien por medios electr\u00f3nicos seg\u00fan se establece a continuaci\u00f3n. Para ejercitar tus derechos ARCO deber\u00e1s llenar el formato de solicitud que puedes solicitar enviando un correo electr\u00f3nico a la direcci\u00f3n <a href=\"mailto:privacidad@nonsolo.mx\">privacidad@nonsolo.mx<\/a>\u00a0o en el corporativo y presentarlo v\u00eda electr\u00f3nica envi\u00e1ndolo a esta misma direcci\u00f3n de correo electr\u00f3nico o directamente en el corporativo. Dicha solicitud deber\u00e1 contener por lo menos: (a) tu nombre completo; (b) indicar si la solicitud se presenta personalmente o a trav\u00e9s de representante, (c) tu domicilio, (d) tu tel\u00e9fono;(e) indicar si aceptas que las notificaciones que realicemos en relaci\u00f3n con tu solicitud surtan efectos a trav\u00e9s del correo electr\u00f3nico que nos proporciones; (f) la descripci\u00f3n clara y precisa de los Datos Personales respecto de los que solicitas ejercer alguno de los derechos ARCO, (g) en su caso, tu manifestaci\u00f3n expresa para revocar el consentimiento al tratamiento de tus Datos; (h) cualquier otro elemento que facilite la localizaci\u00f3n de tus Datos (fecha en que se nos proporcionaron los Datos, tienda o restaurante, n\u00famero de identificaci\u00f3n del acto celebrado, persona que te atendi\u00f3, \u00e1reas involucradas y otros que puedes encontrar en tu ticket de compra) e (i) los documentos que acrediten tu identidad y\/o personalidad con poder notarial. Recuerda que de conformidad con la Ley para dar tr\u00e1mite a tu solicitud previamente deber\u00e1s acreditarnos tu identidad o personalidad mediante asistencia personal presentando original y copia de tu identificaci\u00f3n oficial y\/o poder notarial. Cuando se presenten solicitudes de Acceso y Rectificaci\u00f3n y si resides fuera de la Ciudad de M\u00e9xico, podr\u00e1s presentar la solicitud v\u00eda electr\u00f3nica adjuntando copia digitalizada de tu identificaci\u00f3n oficial y\/o poder notarial y esperar nuestras noticias con indicaciones para proceder. Asimismo, el titular, garantiza que los datos proporcionados son fidedignos, exactos y completos, por lo cual se hace responsable por cualquier da\u00f1o y perjuicio por falsedad o suplantaci\u00f3n de identidad. Trat\u00e1ndose de las solicitudes de rectificaci\u00f3n deber\u00e1s acompa\u00f1ar los documentos que acrediten la solicitud y los datos en espec\u00edfico que deseas modificar. Dichos documentos deben presentarse en original y copia para su cotejo. El resto del procedimiento ser\u00e1 tramitado conforme a los plazos y etapas establecidos en la Ley. Si ya no deseas que te enviemos informaci\u00f3n de nuestros productos y\/o servicios o deseas optar por limitar el uso, transferencia o divulgaci\u00f3n de tus Datos env\u00edanos tu solicitud a la direcci\u00f3n de correo electr\u00f3nico\u00a0<a href=\"mailto:privacidad@nonsolo.mx\">privacidad@nonsolo.mx<\/a><\/p>\n<p>&nbsp;<\/p>\n<p><strong>VII. PRIVACIDAD DE LOS MENORES:<\/strong><\/p>\n<p>No prestamos servicios a menores de edad ni aprobamos solicitudes de servicios provenientes de ellos. En consecuencia, no establecemos ni conservamos registros de Datos de cualquier menor de edad del que tengamos conocimiento. No obstante, si descubrimos que hemos recibido Datos o informaci\u00f3n personal de una persona que indica que \u00e9l o ella es menor de edad, o de cualquier otra persona que tengamos motivos para creer que es menor de edad, cancelaremos dichos Datos en t\u00e9rminos de lo establecido por la Ley. En caso de que el menor de edad dolosamente se ostente como mayor de edad, \u00e9ste quedar\u00e1 sujeto a las responsabilidades de cualquier naturaleza que correspondan. Solicitamos a los padres que supervisen a sus hijos mientras est\u00e1n en l\u00ednea o cuando realizan llamadas telef\u00f3nicas.<\/p>\n<p>&nbsp;<\/p>\n<p><strong>VIII. CONSENTIMIENTO:<\/strong><\/p>\n<p>Cuando sea aplicable, si no manifiestas tu oposici\u00f3n para que tus Datos sean tratados en los t\u00e9rminos que se\u00f1alados en el presente Aviso, se entender\u00e1 que has otorgado tu consentimiento para ello.<\/p>\n<p>Asimismo, le informamos que con fundamento en el art\u00edculo 22 de la Ley General de Protecci\u00f3n de Datos Personales en Posesi\u00f3n de Sujetos Obligados, no estamos obligados a recabar el consentimiento del titular para el tratamiento de sus datos personales en los siguientes casos:<\/p>\n<ol>\n<li>Cuando una ley as\u00ed lo disponga;<\/li>\n<li>Cuando las transferencias que se realicen entre responsables, sean sobre datos personales que se utilicen para el ejercicio de facultades propias, compatibles o an\u00e1logas;<\/li>\n<\/ol>\n<p>III. Cuando exista una orden judicial, resoluci\u00f3n o mandato fundado y motivado de autoridad competente;<\/p>\n<ol>\n<li>Para el reconocimiento o defensa de derechos del titular ante autoridad competente;<\/li>\n<li>Cuando los datos personales se requieran para ejercer un derecho o cumplir obligaciones derivadas de una relaci\u00f3n jur\u00eddica con el titular;<\/li>\n<li>Cuando exista una situaci\u00f3n de emergencia que potencialmente pueda da\u00f1ar a un individuo en su persona o en sus bienes;<\/li>\n<\/ol>\n<p>VII. Cuando los datos personales sean necesarios para efectuar un tratamiento para la prevenci\u00f3n, diagn\u00f3stico, la prestaci\u00f3n de asistencia sanitaria;<\/p>\n<p>VIII. Cuando los datos personales figuren en fuentes de acceso p\u00fablico;<\/p>\n<ol>\n<li>Cuando los datos personales se sometan a un procedimiento previo de disociaci\u00f3n;<\/li>\n<li>Cuando el titular de los datos personales sea una persona reportada como desaparecida en los t\u00e9rminos de la ley en la materia.<\/li>\n<\/ol>\n<p>&nbsp;<\/p>\n<p><strong>IX. ACTUALIZACI\u00d3N DEL AVISO:<\/strong><\/p>\n<p>Nuestra empresa se reserva el derecho de modificar o complementar este Aviso de Privacidad en cualquier momento. En caso de existir alguna modificaci\u00f3n al presente Aviso, \u00e9sta se har\u00e1 de tu conocimiento en nuestro cualquiera de nuestros Sitios Web: <a href=\"http:\/\/www.nonsolo.mx\">www.nonsolo.mx<\/a>, <a href=\"http:\/\/www.senzatempo.mx\">www.senzatempo.mx<\/a> \u00f3 <a href=\"http:\/\/www.proximaescala.mx\">www.proximaescala.mx<\/a>, o podr\u00e1s consultarlo en nuestro domicilio ubicado en Chiapas 152, Colonia Roma, Alcald\u00eda Cuauht\u00e9moc, C\u00f3digo Postal 06700, Ciudad de M\u00e9xico.<\/p>\n<p><strong>\u00a0<\/strong><\/p>\n<p><strong>X. <\/strong><strong>COOKIES Y WEB BEACONS:<\/strong><\/p>\n<p>Te informamos que en nuestro sitio web utilizamos cookies, web beacons, y\/o tecnolog\u00eda similar, para obtener informaci\u00f3n personal. Para conocer la Pol\u00edtica de Privacidad puedes revisarla en nuestro portal de internet.<\/p>\n<p>&nbsp;<\/p>\n<p><strong>XI. CONT\u00c1CTANOS:<\/strong><\/p>\n<p>Si tienes preguntas sobre este Aviso, el manejo de tus Datos o informaci\u00f3n de nuestros productos, servicios, por favor contacta a nuestro Encargado de Protecci\u00f3n de Datos Personales al correo electr\u00f3nico:\u00a0<a href=\"mailto:privacidad@nonsolo.mx\">privacidad@nonsolo.mx<\/a>\u00a0Fecha de actualizaci\u00f3n: 15 de febrero de 2021.[\/vc_column_text][\/vc_column][\/vc_row]<\/p>\n","protected":false},"excerpt":{"rendered":"<p>[vc_row][vc_column][vc_column_text] Preservar tu privacidad y la seguridad de tu informaci\u00f3n personal es importante para nosotros. Por favor, antes de proporcionarnos tus Datos Personales (los \u201cDatos\u201d) t\u00f3mate un momento para leer el siguiente Aviso de Privacidad (el \u201cAviso\u201d) en el cual te informamos, de conformidad con lo dispuesto por por los Art\u00edculos 15 y 16 de [&hellip;]<\/p>\n","protected":false},"author":2,"featured_media":0,"parent":0,"menu_order":0,"comment_status":"closed","ping_status":"closed","template":"","meta":{"footnotes":""},"class_list":["post-13","page","type-page","status-publish","hentry"],"yoast_head":"<!-- This site is optimized with the Yoast SEO plugin v26.0 - https:\/\/yoast.com\/wordpress\/plugins\/seo\/ -->\n<title>AVISO DE PRIVACIDAD - NONSOLO<\/title>\n<meta name=\"robots\" content=\"index, follow, max-snippet:-1, max-image-preview:large, max-video-preview:-1\" \/>\n<link rel=\"canonical\" href=\"https:\/\/nonsolo.mx\/ns\/aviso-de-privacidad\/\" \/>\n<meta property=\"og:locale\" content=\"es_MX\" \/>\n<meta property=\"og:type\" content=\"article\" \/>\n<meta property=\"og:title\" content=\"AVISO DE PRIVACIDAD - NONSOLO\" \/>\n<meta property=\"og:description\" content=\"[vc_row][vc_column][vc_column_text] Preservar tu privacidad y la seguridad de tu informaci\u00f3n personal es importante para nosotros. Por favor, antes de proporcionarnos tus Datos Personales (los \u201cDatos\u201d) t\u00f3mate un momento para leer el siguiente Aviso de Privacidad (el \u201cAviso\u201d) en el cual te informamos, de conformidad con lo dispuesto por por los Art\u00edculos 15 y 16 de [&hellip;]\" \/>\n<meta property=\"og:url\" content=\"https:\/\/nonsolo.mx\/ns\/aviso-de-privacidad\/\" \/>\n<meta property=\"og:site_name\" content=\"NONSOLO\" \/>\n<meta property=\"article:modified_time\" content=\"2024-12-20T23:37:09+00:00\" \/>\n<meta name=\"twitter:card\" content=\"summary_large_image\" \/>\n<meta name=\"twitter:label1\" content=\"Tiempo de lectura\" \/>\n\t<meta name=\"twitter:data1\" content=\"10 minutos\" \/>\n<script type=\"application\/ld+json\" class=\"yoast-schema-graph\">{\"@context\":\"https:\/\/schema.org\",\"@graph\":[{\"@type\":\"WebPage\",\"@id\":\"https:\/\/nonsolo.mx\/ns\/aviso-de-privacidad\/\",\"url\":\"https:\/\/nonsolo.mx\/ns\/aviso-de-privacidad\/\",\"name\":\"AVISO DE PRIVACIDAD - NONSOLO\",\"isPartOf\":{\"@id\":\"https:\/\/nonsolo.mx\/ns\/#website\"},\"datePublished\":\"2017-08-17T17:13:32+00:00\",\"dateModified\":\"2024-12-20T23:37:09+00:00\",\"breadcrumb\":{\"@id\":\"https:\/\/nonsolo.mx\/ns\/aviso-de-privacidad\/#breadcrumb\"},\"inLanguage\":\"es\",\"potentialAction\":[{\"@type\":\"ReadAction\",\"target\":[\"https:\/\/nonsolo.mx\/ns\/aviso-de-privacidad\/\"]}]},{\"@type\":\"BreadcrumbList\",\"@id\":\"https:\/\/nonsolo.mx\/ns\/aviso-de-privacidad\/#breadcrumb\",\"itemListElement\":[{\"@type\":\"ListItem\",\"position\":1,\"name\":\"Inicio\",\"item\":\"https:\/\/nonsolo.mx\/ns\/\"},{\"@type\":\"ListItem\",\"position\":2,\"name\":\"AVISO DE PRIVACIDAD\"}]},{\"@type\":\"WebSite\",\"@id\":\"https:\/\/nonsolo.mx\/ns\/#website\",\"url\":\"https:\/\/nonsolo.mx\/ns\/\",\"name\":\"NONSOLO\",\"description\":\"&quot;Aut\u00e9nticos sabores de Italia y mediterr\u00e1neos&quot;\",\"publisher\":{\"@id\":\"https:\/\/nonsolo.mx\/ns\/#organization\"},\"potentialAction\":[{\"@type\":\"SearchAction\",\"target\":{\"@type\":\"EntryPoint\",\"urlTemplate\":\"https:\/\/nonsolo.mx\/ns\/?s={search_term_string}\"},\"query-input\":{\"@type\":\"PropertyValueSpecification\",\"valueRequired\":true,\"valueName\":\"search_term_string\"}}],\"inLanguage\":\"es\"},{\"@type\":\"Organization\",\"@id\":\"https:\/\/nonsolo.mx\/ns\/#organization\",\"name\":\"NONSOLO\",\"url\":\"https:\/\/nonsolo.mx\/ns\/\",\"logo\":{\"@type\":\"ImageObject\",\"inLanguage\":\"es\",\"@id\":\"https:\/\/nonsolo.mx\/ns\/#\/schema\/logo\/image\/\",\"url\":\"https:\/\/nonsolo.mx\/ns\/wp-content\/uploads\/2017\/09\/logotipo-de-nonsolo_amarillo_3.png\",\"contentUrl\":\"https:\/\/nonsolo.mx\/ns\/wp-content\/uploads\/2017\/09\/logotipo-de-nonsolo_amarillo_3.png\",\"width\":174,\"height\":29,\"caption\":\"NONSOLO\"},\"image\":{\"@id\":\"https:\/\/nonsolo.mx\/ns\/#\/schema\/logo\/image\/\"}}]}<\/script>\n<!-- \/ Yoast SEO plugin. -->","yoast_head_json":{"title":"AVISO DE PRIVACIDAD - NONSOLO","robots":{"index":"index","follow":"follow","max-snippet":"max-snippet:-1","max-image-preview":"max-image-preview:large","max-video-preview":"max-video-preview:-1"},"canonical":"https:\/\/nonsolo.mx\/ns\/aviso-de-privacidad\/","og_locale":"es_MX","og_type":"article","og_title":"AVISO DE PRIVACIDAD - NONSOLO","og_description":"[vc_row][vc_column][vc_column_text] Preservar tu privacidad y la seguridad de tu informaci\u00f3n personal es importante para nosotros. Por favor, antes de proporcionarnos tus Datos Personales (los \u201cDatos\u201d) t\u00f3mate un momento para leer el siguiente Aviso de Privacidad (el \u201cAviso\u201d) en el cual te informamos, de conformidad con lo dispuesto por por los Art\u00edculos 15 y 16 de [&hellip;]","og_url":"https:\/\/nonsolo.mx\/ns\/aviso-de-privacidad\/","og_site_name":"NONSOLO","article_modified_time":"2024-12-20T23:37:09+00:00","twitter_card":"summary_large_image","twitter_misc":{"Tiempo de lectura":"10 minutos"},"schema":{"@context":"https:\/\/schema.org","@graph":[{"@type":"WebPage","@id":"https:\/\/nonsolo.mx\/ns\/aviso-de-privacidad\/","url":"https:\/\/nonsolo.mx\/ns\/aviso-de-privacidad\/","name":"AVISO DE PRIVACIDAD - NONSOLO","isPartOf":{"@id":"https:\/\/nonsolo.mx\/ns\/#website"},"datePublished":"2017-08-17T17:13:32+00:00","dateModified":"2024-12-20T23:37:09+00:00","breadcrumb":{"@id":"https:\/\/nonsolo.mx\/ns\/aviso-de-privacidad\/#breadcrumb"},"inLanguage":"es","potentialAction":[{"@type":"ReadAction","target":["https:\/\/nonsolo.mx\/ns\/aviso-de-privacidad\/"]}]},{"@type":"BreadcrumbList","@id":"https:\/\/nonsolo.mx\/ns\/aviso-de-privacidad\/#breadcrumb","itemListElement":[{"@type":"ListItem","position":1,"name":"Inicio","item":"https:\/\/nonsolo.mx\/ns\/"},{"@type":"ListItem","position":2,"name":"AVISO DE PRIVACIDAD"}]},{"@type":"WebSite","@id":"https:\/\/nonsolo.mx\/ns\/#website","url":"https:\/\/nonsolo.mx\/ns\/","name":"NONSOLO","description":"&quot;Aut\u00e9nticos sabores de Italia y mediterr\u00e1neos&quot;","publisher":{"@id":"https:\/\/nonsolo.mx\/ns\/#organization"},"potentialAction":[{"@type":"SearchAction","target":{"@type":"EntryPoint","urlTemplate":"https:\/\/nonsolo.mx\/ns\/?s={search_term_string}"},"query-input":{"@type":"PropertyValueSpecification","valueRequired":true,"valueName":"search_term_string"}}],"inLanguage":"es"},{"@type":"Organization","@id":"https:\/\/nonsolo.mx\/ns\/#organization","name":"NONSOLO","url":"https:\/\/nonsolo.mx\/ns\/","logo":{"@type":"ImageObject","inLanguage":"es","@id":"https:\/\/nonsolo.mx\/ns\/#\/schema\/logo\/image\/","url":"https:\/\/nonsolo.mx\/ns\/wp-content\/uploads\/2017\/09\/logotipo-de-nonsolo_amarillo_3.png","contentUrl":"https:\/\/nonsolo.mx\/ns\/wp-content\/uploads\/2017\/09\/logotipo-de-nonsolo_amarillo_3.png","width":174,"height":29,"caption":"NONSOLO"},"image":{"@id":"https:\/\/nonsolo.mx\/ns\/#\/schema\/logo\/image\/"}}]}},"_links":{"self":[{"href":"https:\/\/nonsolo.mx\/ns\/wp-json\/wp\/v2\/pages\/13","targetHints":{"allow":["GET"]}}],"collection":[{"href":"https:\/\/nonsolo.mx\/ns\/wp-json\/wp\/v2\/pages"}],"about":[{"href":"https:\/\/nonsolo.mx\/ns\/wp-json\/wp\/v2\/types\/page"}],"author":[{"embeddable":true,"href":"https:\/\/nonsolo.mx\/ns\/wp-json\/wp\/v2\/users\/2"}],"replies":[{"embeddable":true,"href":"https:\/\/nonsolo.mx\/ns\/wp-json\/wp\/v2\/comments?post=13"}],"version-history":[{"count":3,"href":"https:\/\/nonsolo.mx\/ns\/wp-json\/wp\/v2\/pages\/13\/revisions"}],"predecessor-version":[{"id":17655,"href":"https:\/\/nonsolo.mx\/ns\/wp-json\/wp\/v2\/pages\/13\/revisions\/17655"}],"wp:attachment":[{"href":"https:\/\/nonsolo.mx\/ns\/wp-json\/wp\/v2\/media?parent=13"}],"curies":[{"name":"wp","href":"https:\/\/api.w.org\/{rel}","templated":true}]}}